{"id":1473,"date":"2024-03-25T16:41:44","date_gmt":"2024-03-25T15:41:44","guid":{"rendered":"https:\/\/conventiondessorciers.fr\/?page_id=1473"},"modified":"2024-05-11T15:51:01","modified_gmt":"2024-05-11T13:51:01","slug":"actualites","status":"publish","type":"page","link":"https:\/\/conventiondessorciers.fr\/?page_id=1473","title":{"rendered":"Actualit\u00e9s"},"content":{"rendered":"\t\t<div data-elementor-type=\"wp-page\" data-elementor-id=\"1473\" class=\"elementor elementor-1473\" data-elementor-post-type=\"page\">\n\t\t\t\t<div class=\"elementor-element elementor-element-cd6da92 e-flex e-con-boxed e-con e-parent\" data-id=\"cd6da92\" data-element_type=\"container\" data-e-type=\"container\">\n\t\t\t\t\t<div class=\"e-con-inner\">\n\t\t<div class=\"elementor-element elementor-element-b0d5aeb e-con-full elementor-hidden-mobile e-flex e-con e-child\" data-id=\"b0d5aeb\" data-element_type=\"container\" data-e-type=\"container\">\n\t\t<div class=\"elementor-element elementor-element-0d0cd1c e-flex e-con-boxed e-con e-child\" data-id=\"0d0cd1c\" data-element_type=\"container\" data-e-type=\"container\" data-settings=\"{&quot;background_background&quot;:&quot;classic&quot;}\">\n\t\t\t\t\t<div class=\"e-con-inner\">\n\t\t<div class=\"elementor-element elementor-element-f4498c1 e-con-full e-flex e-con e-child\" data-id=\"f4498c1\" data-element_type=\"container\" data-e-type=\"container\">\n\t\t\t\t<div class=\"elementor-element elementor-element-40af0cc elementor-widget elementor-widget-heading\" data-id=\"40af0cc\" data-element_type=\"widget\" data-e-type=\"widget\" data-settings=\"{&quot;motion_fx_motion_fx_scrolling&quot;:&quot;yes&quot;,&quot;motion_fx_blur_effect&quot;:&quot;yes&quot;,&quot;motion_fx_blur_direction&quot;:&quot;out-in-out&quot;,&quot;motion_fx_blur_range&quot;:{&quot;unit&quot;:&quot;%&quot;,&quot;size&quot;:&quot;&quot;,&quot;sizes&quot;:{&quot;start&quot;:0,&quot;end&quot;:87}},&quot;motion_fx_blur_level&quot;:{&quot;unit&quot;:&quot;px&quot;,&quot;size&quot;:7,&quot;sizes&quot;:[]},&quot;motion_fx_devices&quot;:[&quot;desktop&quot;,&quot;tablet&quot;,&quot;mobile&quot;]}\" data-widget_type=\"heading.default\">\n\t\t\t\t<div class=\"elementor-widget-container\">\n\t\t\t\t\t<h1 class=\"elementor-heading-title elementor-size-default\">Actualit\u00e9s<\/h1>\t\t\t\t<\/div>\n\t\t\t\t<\/div>\n\t\t\t\t<\/div>\n\t\t\t\t\t<\/div>\n\t\t\t\t<\/div>\n\t\t\t\t<\/div>\n\t\t\t\t\t<\/div>\n\t\t\t\t<\/div>\n\t\t<div class=\"elementor-element elementor-element-221b384 e-flex e-con-boxed e-con e-parent\" data-id=\"221b384\" data-element_type=\"container\" data-e-type=\"container\">\n\t\t\t\t\t<div class=\"e-con-inner\">\n\t\t\t\t<div class=\"elementor-element elementor-element-f8aacbd elementor-widget-divider--view-line elementor-widget elementor-widget-divider\" data-id=\"f8aacbd\" data-element_type=\"widget\" data-e-type=\"widget\" data-widget_type=\"divider.default\">\n\t\t\t\t<div class=\"elementor-widget-container\">\n\t\t\t\t\t\t\t<div class=\"elementor-divider\">\n\t\t\t<span class=\"elementor-divider-separator\">\n\t\t\t\t\t\t<\/span>\n\t\t<\/div>\n\t\t\t\t\t\t<\/div>\n\t\t\t\t<\/div>\n\t\t\t\t\t<\/div>\n\t\t\t\t<\/div>\n\t\t<div class=\"elementor-element elementor-element-785ca4b e-flex e-con-boxed e-con e-parent\" data-id=\"785ca4b\" data-element_type=\"container\" data-e-type=\"container\">\n\t\t\t\t\t<div class=\"e-con-inner\">\n\t\t<div class=\"elementor-element elementor-element-557d2ea e-con-full e-flex e-con e-child\" data-id=\"557d2ea\" data-element_type=\"container\" data-e-type=\"container\">\n\t\t\t\t<div class=\"elementor-element elementor-element-d5c8e10 elementor-widget elementor-widget-image\" data-id=\"d5c8e10\" data-element_type=\"widget\" data-e-type=\"widget\" data-widget_type=\"image.default\">\n\t\t\t\t<div class=\"elementor-widget-container\">\n\t\t\t\t\t\t\t\t\t\t\t\t\t\t\t<img fetchpriority=\"high\" decoding=\"async\" width=\"1080\" height=\"631\" src=\"https:\/\/i0.wp.com\/conventiondessorciers.fr\/wp-content\/uploads\/2024\/03\/sorcier-e1711380788652.png?fit=1080%2C631&amp;ssl=1\" class=\"attachment-full size-full wp-image-1475\" alt=\"\" srcset=\"https:\/\/i0.wp.com\/conventiondessorciers.fr\/wp-content\/uploads\/2024\/03\/sorcier-e1711380788652.png?w=1080&amp;ssl=1 1080w, https:\/\/i0.wp.com\/conventiondessorciers.fr\/wp-content\/uploads\/2024\/03\/sorcier-e1711380788652.png?resize=300%2C175&amp;ssl=1 300w, https:\/\/i0.wp.com\/conventiondessorciers.fr\/wp-content\/uploads\/2024\/03\/sorcier-e1711380788652.png?resize=1024%2C598&amp;ssl=1 1024w, https:\/\/i0.wp.com\/conventiondessorciers.fr\/wp-content\/uploads\/2024\/03\/sorcier-e1711380788652.png?resize=768%2C449&amp;ssl=1 768w, https:\/\/i0.wp.com\/conventiondessorciers.fr\/wp-content\/uploads\/2024\/03\/sorcier-e1711380788652.png?resize=600%2C351&amp;ssl=1 600w\" sizes=\"(max-width: 800px) 100vw, 800px\" \/>\t\t\t\t\t\t\t\t\t\t\t\t\t\t\t<\/div>\n\t\t\t\t<\/div>\n\t\t\t\t<\/div>\n\t\t<div class=\"elementor-element elementor-element-7d2e6e0 e-con-full e-flex e-con e-child\" data-id=\"7d2e6e0\" data-element_type=\"container\" data-e-type=\"container\">\n\t\t<div class=\"elementor-element elementor-element-cd635e8 e-flex e-con-boxed e-con e-child\" data-id=\"cd635e8\" data-element_type=\"container\" data-e-type=\"container\">\n\t\t\t\t\t<div class=\"e-con-inner\">\n\t\t\t\t<div class=\"elementor-element elementor-element-6f1eea6 elementor-widget elementor-widget-heading\" data-id=\"6f1eea6\" data-element_type=\"widget\" data-e-type=\"widget\" data-widget_type=\"heading.default\">\n\t\t\t\t<div class=\"elementor-widget-container\">\n\t\t\t\t\t<h2 class=\"elementor-heading-title elementor-size-default\">Ne ratez aucune actualit\u00e9 sur La Convention des Sorciers !<\/h2>\t\t\t\t<\/div>\n\t\t\t\t<\/div>\n\t\t\t\t\t<\/div>\n\t\t\t\t<\/div>\n\t\t<div class=\"elementor-element elementor-element-66fc0fd e-flex e-con-boxed e-con e-child\" data-id=\"66fc0fd\" data-element_type=\"container\" data-e-type=\"container\">\n\t\t\t\t\t<div class=\"e-con-inner\">\n\t\t\t\t<div class=\"elementor-element elementor-element-3aae8e6 elementor-widget elementor-widget-text-editor\" data-id=\"3aae8e6\" data-element_type=\"widget\" data-e-type=\"widget\" data-widget_type=\"text-editor.default\">\n\t\t\t\t<div class=\"elementor-widget-container\">\n\t\t\t\t\t\t\t\t\t<p>Ici, nous vous tiendrons inform\u00e9s de toutes les nouveaut\u00e9s concernant l&rsquo;\u00e9v\u00e9nement phare tant attendu. Au fur et \u00e0 mesure, vous d\u00e9couvrirez les diff\u00e9rentes activit\u00e9s et rencontres que nous vous concoctons, pour cette premi\u00e8re \u00e9dition de la Convention des Sorciers.<\/p><p>Croyez-nous, vous n&rsquo;\u00eates pas au bout de vos surprises !<\/p>\t\t\t\t\t\t\t\t<\/div>\n\t\t\t\t<\/div>\n\t\t\t\t\t<\/div>\n\t\t\t\t<\/div>\n\t\t\t\t<\/div>\n\t\t\t\t\t<\/div>\n\t\t\t\t<\/div>\n\t\t<div class=\"elementor-element elementor-element-8568ebd e-flex e-con-boxed e-con e-parent\" data-id=\"8568ebd\" data-element_type=\"container\" data-e-type=\"container\">\n\t\t\t\t\t<div class=\"e-con-inner\">\n\t\t\t\t<div class=\"elementor-element elementor-element-e1bafa8 elementor-widget elementor-widget-htmega-postcarousel-addons\" data-id=\"e1bafa8\" data-element_type=\"widget\" data-e-type=\"widget\" data-settings=\"{&quot;motion_fx_motion_fx_mouse&quot;:&quot;yes&quot;,&quot;motion_fx_tilt_effect&quot;:&quot;yes&quot;,&quot;motion_fx_tilt_speed&quot;:{&quot;unit&quot;:&quot;px&quot;,&quot;size&quot;:3,&quot;sizes&quot;:[]},&quot;carousel_post_type&quot;:&quot;post&quot;}\" data-widget_type=\"htmega-postcarousel-addons.default\">\n\t\t\t\t<div class=\"elementor-widget-container\">\n\t\t\t\t\t            <div class=\"post-carousel-wrapper htmega-postcarousel-layout-1 htmega-verticle-center-arrow side1bafa8\">\n                <div dir=\"ltr\" class=\"htmega-carousel-activation\" data-settings=\"{&quot;sectionid&quot;:&quot;side1bafa8&quot;,&quot;arrows&quot;:true,&quot;arrow_prev_txt&quot;:&quot;&lt;svg class=\\&quot;e-font-icon-svg e-fas-angle-left\\&quot; viewBox=\\&quot;0 0 256 512\\&quot; xmlns=\\&quot;http:\\\/\\\/www.w3.org\\\/2000\\\/svg\\&quot;&gt;&lt;path d=\\&quot;M31.7 239l136-136c9.4-9.4 24.6-9.4 33.9 0l22.6 22.6c9.4 9.4 9.4 24.6 0 33.9L127.9 256l96.4 96.4c9.4 9.4 9.4 24.6 0 33.9L201.7 409c-9.4 9.4-24.6 9.4-33.9 0l-136-136c-9.5-9.4-9.5-24.6-.1-34z\\&quot;&gt;&lt;\\\/path&gt;&lt;\\\/svg&gt;&quot;,&quot;arrow_next_txt&quot;:&quot;&lt;svg class=\\&quot;e-font-icon-svg e-fas-angle-right\\&quot; viewBox=\\&quot;0 0 256 512\\&quot; xmlns=\\&quot;http:\\\/\\\/www.w3.org\\\/2000\\\/svg\\&quot;&gt;&lt;path d=\\&quot;M224.3 273l-136 136c-9.4 9.4-24.6 9.4-33.9 0l-22.6-22.6c-9.4-9.4-9.4-24.6 0-33.9l96.4-96.4-96.4-96.4c-9.4-9.4-9.4-24.6 0-33.9L54.3 103c9.4-9.4 24.6-9.4 33.9 0l136 136c9.5 9.4 9.5 24.6.1 34z\\&quot;&gt;&lt;\\\/path&gt;&lt;\\\/svg&gt;&quot;,&quot;dots&quot;:false,&quot;autoplay&quot;:false,&quot;autoplay_speed&quot;:3000,&quot;animation_speed&quot;:300,&quot;slloop&quot;:true,&quot;pause_on_hover&quot;:true,&quot;center_mode&quot;:false,&quot;center_padding&quot;:0,&quot;equal_height_column&quot;:false,&quot;equal_height_column_class&quot;:&quot;.post-inner&quot;,&quot;display_columns&quot;:3,&quot;scroll_columns&quot;:1,&quot;tablet_width&quot;:750,&quot;tablet_display_columns&quot;:1,&quot;tablet_scroll_columns&quot;:1,&quot;mobile_width&quot;:480,&quot;mobile_display_columns&quot;:1,&quot;mobile_scroll_columns&quot;:1}\" style=\"display:none;\">\n\n                    \n                                                    <div class=\"htmega-single-post-slide htmega-postslider-layout-1\" >\n                                <div class=\"thumb\">\n                                    <a href=\"https:\/\/conventiondessorciers.fr\/?p=1816\"><img decoding=\"async\" width=\"150\" height=\"150\" src=\"https:\/\/i0.wp.com\/conventiondessorciers.fr\/wp-content\/uploads\/2024\/05\/post-doublage.png?resize=150%2C150&amp;ssl=1\" class=\"attachment-thumbnail size-thumbnail wp-post-image\" alt=\"Com\u00e9diens doublage Harry Potter en d\u00e9dicaces \u00e0 la Convention des Sorciers au Havre\" srcset=\"https:\/\/i0.wp.com\/conventiondessorciers.fr\/wp-content\/uploads\/2024\/05\/post-doublage.png?w=1080&amp;ssl=1 1080w, https:\/\/i0.wp.com\/conventiondessorciers.fr\/wp-content\/uploads\/2024\/05\/post-doublage.png?resize=300%2C300&amp;ssl=1 300w, https:\/\/i0.wp.com\/conventiondessorciers.fr\/wp-content\/uploads\/2024\/05\/post-doublage.png?resize=1024%2C1024&amp;ssl=1 1024w, https:\/\/i0.wp.com\/conventiondessorciers.fr\/wp-content\/uploads\/2024\/05\/post-doublage.png?resize=150%2C150&amp;ssl=1 150w, https:\/\/i0.wp.com\/conventiondessorciers.fr\/wp-content\/uploads\/2024\/05\/post-doublage.png?resize=768%2C768&amp;ssl=1 768w, https:\/\/i0.wp.com\/conventiondessorciers.fr\/wp-content\/uploads\/2024\/05\/post-doublage.png?resize=600%2C600&amp;ssl=1 600w, https:\/\/i0.wp.com\/conventiondessorciers.fr\/wp-content\/uploads\/2024\/05\/post-doublage.png?resize=100%2C100&amp;ssl=1 100w\" sizes=\"(max-width: 150px) 100vw, 150px\" \/><\/a>\n                                <\/div>\n                                            <div class=\"content \">\n                <div class=\"post-inner\">\n                    \n                    \n                                                <h2><a href=\"https:\/\/conventiondessorciers.fr\/?p=1816\">Les voix fran\u00e7aises de Voldemort et Ginny, d\u00e9barquent \u00e0 la Convention des Sorciers !<\/a><\/h2>\n                        \n                                                    <ul class=\"meta\">\n                                                                            <li><i class=\"fa fa-clock-o\"><\/i>30 mai 2024<\/li>\n                                                                    <\/ul>\n\n                    \n                    <p>Pr\u00e9parez vos baguettes et vos sortil\u00e8ges, chers sorciers et sorci\u00e8res !La magie de Harry Potter ne cesse de nous \u00e9merveiller, et cette<\/p>\n                    \n                                            <div class=\"post-btn\">\n                            <a class=\"readmore-btn\" href=\"https:\/\/conventiondessorciers.fr\/?p=1816\">Lire plus<\/a>\n                        <\/div>\n                    \n                <\/div>\n            <\/div>\n                                    <\/div>\n                        \n                        \n                                                    <div class=\"htmega-single-post-slide htmega-postslider-layout-1\" >\n                                <div class=\"thumb\">\n                                    <a href=\"https:\/\/conventiondessorciers.fr\/?p=1690\"><img decoding=\"async\" width=\"150\" height=\"150\" src=\"https:\/\/i0.wp.com\/conventiondessorciers.fr\/wp-content\/uploads\/2024\/05\/chris-rankin-post.png?resize=150%2C150&amp;ssl=1\" class=\"attachment-thumbnail size-thumbnail wp-post-image\" alt=\"Chris Rankin (Percy Weasley) en d\u00e9dicaces \u00e0 la Convention des Sorciers au Havre\" srcset=\"https:\/\/i0.wp.com\/conventiondessorciers.fr\/wp-content\/uploads\/2024\/05\/chris-rankin-post.png?w=1080&amp;ssl=1 1080w, https:\/\/i0.wp.com\/conventiondessorciers.fr\/wp-content\/uploads\/2024\/05\/chris-rankin-post.png?resize=300%2C300&amp;ssl=1 300w, https:\/\/i0.wp.com\/conventiondessorciers.fr\/wp-content\/uploads\/2024\/05\/chris-rankin-post.png?resize=1024%2C1024&amp;ssl=1 1024w, https:\/\/i0.wp.com\/conventiondessorciers.fr\/wp-content\/uploads\/2024\/05\/chris-rankin-post.png?resize=150%2C150&amp;ssl=1 150w, https:\/\/i0.wp.com\/conventiondessorciers.fr\/wp-content\/uploads\/2024\/05\/chris-rankin-post.png?resize=768%2C768&amp;ssl=1 768w, https:\/\/i0.wp.com\/conventiondessorciers.fr\/wp-content\/uploads\/2024\/05\/chris-rankin-post.png?resize=600%2C600&amp;ssl=1 600w, https:\/\/i0.wp.com\/conventiondessorciers.fr\/wp-content\/uploads\/2024\/05\/chris-rankin-post.png?resize=100%2C100&amp;ssl=1 100w\" sizes=\"(max-width: 150px) 100vw, 150px\" \/><\/a>\n                                <\/div>\n                                            <div class=\"content \">\n                <div class=\"post-inner\">\n                    \n                    \n                                                <h2><a href=\"https:\/\/conventiondessorciers.fr\/?p=1690\">D\u00e9dicaces de Chris Rankin &#8211; Percy Weasley dans Harry Potter<\/a><\/h2>\n                        \n                                                    <ul class=\"meta\">\n                                                                            <li><i class=\"fa fa-clock-o\"><\/i>11 mai 2024<\/li>\n                                                                    <\/ul>\n\n                    \n                    <p>Apr\u00e8s vous avoir annonc\u00e9 la pr\u00e9sence de deux Serpentards \u00e0 notre Convention, nous avons le plaisir de vous informer que le 3\u00e8me<\/p>\n                    \n                                            <div class=\"post-btn\">\n                            <a class=\"readmore-btn\" href=\"https:\/\/conventiondessorciers.fr\/?p=1690\">Lire plus<\/a>\n                        <\/div>\n                    \n                <\/div>\n            <\/div>\n                                    <\/div>\n                        \n                        \n                                                    <div class=\"htmega-single-post-slide htmega-postslider-layout-1\" >\n                                <div class=\"thumb\">\n                                    <a href=\"https:\/\/conventiondessorciers.fr\/?p=1604\"><img loading=\"lazy\" decoding=\"async\" width=\"150\" height=\"150\" src=\"https:\/\/i0.wp.com\/conventiondessorciers.fr\/wp-content\/uploads\/2024\/04\/Christian-Coulson-post-instagram.png?resize=150%2C150&amp;ssl=1\" class=\"attachment-thumbnail size-thumbnail wp-post-image\" alt=\"Christian Coulson (Tom Jedusor) en d\u00e9dicaces \u00e0 la Convention des Sorciers au Havre\" srcset=\"https:\/\/i0.wp.com\/conventiondessorciers.fr\/wp-content\/uploads\/2024\/04\/Christian-Coulson-post-instagram.png?w=1080&amp;ssl=1 1080w, https:\/\/i0.wp.com\/conventiondessorciers.fr\/wp-content\/uploads\/2024\/04\/Christian-Coulson-post-instagram.png?resize=300%2C300&amp;ssl=1 300w, https:\/\/i0.wp.com\/conventiondessorciers.fr\/wp-content\/uploads\/2024\/04\/Christian-Coulson-post-instagram.png?resize=1024%2C1024&amp;ssl=1 1024w, https:\/\/i0.wp.com\/conventiondessorciers.fr\/wp-content\/uploads\/2024\/04\/Christian-Coulson-post-instagram.png?resize=150%2C150&amp;ssl=1 150w, https:\/\/i0.wp.com\/conventiondessorciers.fr\/wp-content\/uploads\/2024\/04\/Christian-Coulson-post-instagram.png?resize=768%2C768&amp;ssl=1 768w, https:\/\/i0.wp.com\/conventiondessorciers.fr\/wp-content\/uploads\/2024\/04\/Christian-Coulson-post-instagram.png?resize=600%2C600&amp;ssl=1 600w, https:\/\/i0.wp.com\/conventiondessorciers.fr\/wp-content\/uploads\/2024\/04\/Christian-Coulson-post-instagram.png?resize=100%2C100&amp;ssl=1 100w\" sizes=\"(max-width: 150px) 100vw, 150px\" \/><\/a>\n                                <\/div>\n                                            <div class=\"content \">\n                <div class=\"post-inner\">\n                    \n                    \n                                                <h2><a href=\"https:\/\/conventiondessorciers.fr\/?p=1604\">Venez voir Christian Coulson en d\u00e9dicace \u00e0 la Convention des Sorciers !<\/a><\/h2>\n                        \n                                                    <ul class=\"meta\">\n                                                                            <li><i class=\"fa fa-clock-o\"><\/i>09 avril 2024<\/li>\n                                                                    <\/ul>\n\n                    \n                    <p>Nous vous avons d\u00e9j\u00e0 fait part de la pr\u00e9sence de Joshua Herdman (alias Gregory Goyle) \u00e0 la Convention des Sorciers, qui aura<\/p>\n                    \n                                            <div class=\"post-btn\">\n                            <a class=\"readmore-btn\" href=\"https:\/\/conventiondessorciers.fr\/?p=1604\">Lire plus<\/a>\n                        <\/div>\n                    \n                <\/div>\n            <\/div>\n                                    <\/div>\n                        \n                        \n                                                    <div class=\"htmega-single-post-slide htmega-postslider-layout-1\" >\n                                <div class=\"thumb\">\n                                    <a href=\"https:\/\/conventiondessorciers.fr\/?p=1588\"><img data-recalc-dims=\"1\" decoding=\"async\" src=\"https:\/\/i0.wp.com\/conventiondessorciers.fr\/wp-content\/plugins\/ht-mega-for-elementor\/\/assets\/images\/image-placeholder.png?w=800&#038;ssl=1\" alt=\"Rencontrez Joshua Herdman &#8211; Gregory Goyle en d\u00e9dicace\" \/><\/a>\n                                <\/div>\n                                            <div class=\"content \">\n                <div class=\"post-inner\">\n                    \n                    \n                                                <h2><a href=\"https:\/\/conventiondessorciers.fr\/?p=1588\">Rencontrez Joshua Herdman &#8211; Gregory Goyle en d\u00e9dicace<\/a><\/h2>\n                        \n                                                    <ul class=\"meta\">\n                                                                            <li><i class=\"fa fa-clock-o\"><\/i>30 mars 2024<\/li>\n                                                                    <\/ul>\n\n                    \n                    <p>Pour cette premi\u00e8re \u00e9dition de la Convention des Sorciers, qui aura lieu les 1, 2 et 3 Novembre au Pasino du Havre,<\/p>\n                    \n                                            <div class=\"post-btn\">\n                            <a class=\"readmore-btn\" href=\"https:\/\/conventiondessorciers.fr\/?p=1588\">Lire plus<\/a>\n                        <\/div>\n                    \n                <\/div>\n            <\/div>\n                                    <\/div>\n                        \n                        \n                                                    <div class=\"htmega-single-post-slide htmega-postslider-layout-1\" >\n                                <div class=\"thumb\">\n                                    <a href=\"https:\/\/conventiondessorciers.fr\/?p=1498\"><img data-recalc-dims=\"1\" decoding=\"async\" src=\"https:\/\/i0.wp.com\/conventiondessorciers.fr\/wp-content\/plugins\/ht-mega-for-elementor\/\/assets\/images\/image-placeholder.png?w=800&#038;ssl=1\" alt=\"La Convention des Sorciers au Havre, c&rsquo;est quoi ?\" \/><\/a>\n                                <\/div>\n                                            <div class=\"content \">\n                <div class=\"post-inner\">\n                    \n                    \n                                                <h2><a href=\"https:\/\/conventiondessorciers.fr\/?p=1498\">La Convention des Sorciers au Havre, c&rsquo;est quoi ?<\/a><\/h2>\n                        \n                                                    <ul class=\"meta\">\n                                                                            <li><i class=\"fa fa-clock-o\"><\/i>26 mars 2024<\/li>\n                                                                    <\/ul>\n\n                    \n                    <p>Vous avez sans doute entendu parler de La Convention des Sorciers et vous vous demandez peut-\u00eatre : Mais qu'est-ce que c'est ?<\/p>\n                    \n                                            <div class=\"post-btn\">\n                            <a class=\"readmore-btn\" href=\"https:\/\/conventiondessorciers.fr\/?p=1498\">Lire plus<\/a>\n                        <\/div>\n                    \n                <\/div>\n            <\/div>\n                                    <\/div>\n                        \n                        \n                <\/div>\n            <\/div>\n            \n            \n\n        \t\t\t\t<\/div>\n\t\t\t\t<\/div>\n\t\t\t\t\t<\/div>\n\t\t\t\t<\/div>\n\t\t\t\t<\/div>\n\t\t","protected":false},"excerpt":{"rendered":"<p>Actualit\u00e9s Ne ratez aucune actualit\u00e9 sur La Convention des Sorciers ! Ici, nous vous tiendrons inform\u00e9s de toutes les nouveaut\u00e9s concernant l&rsquo;\u00e9v\u00e9nement phare tant attendu. Au fur et \u00e0 mesure, vous d\u00e9couvrirez les diff\u00e9rentes activit\u00e9s et rencontres que nous vous concoctons, pour cette premi\u00e8re \u00e9dition de la Convention des Sorciers. Croyez-nous, vous n&rsquo;\u00eates pas au [&hellip;]<\/p>\n","protected":false},"author":1,"featured_media":0,"parent":0,"menu_order":0,"comment_status":"closed","ping_status":"closed","template":"","meta":{"om_disable_all_campaigns":false,"_monsterinsights_skip_tracking":false,"_monsterinsights_sitenote_active":false,"_monsterinsights_sitenote_note":"","_monsterinsights_sitenote_category":0,"_themeisle_gutenberg_block_has_review":false,"footnotes":""},"class_list":["post-1473","page","type-page","status-publish","hentry"],"aioseo_notices":[],"jetpack_sharing_enabled":true,"_links":{"self":[{"href":"https:\/\/conventiondessorciers.fr\/index.php?rest_route=\/wp\/v2\/pages\/1473","targetHints":{"allow":["GET"]}}],"collection":[{"href":"https:\/\/conventiondessorciers.fr\/index.php?rest_route=\/wp\/v2\/pages"}],"about":[{"href":"https:\/\/conventiondessorciers.fr\/index.php?rest_route=\/wp\/v2\/types\/page"}],"author":[{"embeddable":true,"href":"https:\/\/conventiondessorciers.fr\/index.php?rest_route=\/wp\/v2\/users\/1"}],"replies":[{"embeddable":true,"href":"https:\/\/conventiondessorciers.fr\/index.php?rest_route=%2Fwp%2Fv2%2Fcomments&post=1473"}],"version-history":[{"count":26,"href":"https:\/\/conventiondessorciers.fr\/index.php?rest_route=\/wp\/v2\/pages\/1473\/revisions"}],"predecessor-version":[{"id":1796,"href":"https:\/\/conventiondessorciers.fr\/index.php?rest_route=\/wp\/v2\/pages\/1473\/revisions\/1796"}],"wp:attachment":[{"href":"https:\/\/conventiondessorciers.fr\/index.php?rest_route=%2Fwp%2Fv2%2Fmedia&parent=1473"}],"curies":[{"name":"wp","href":"https:\/\/api.w.org\/{rel}","templated":true}]}}